{"id":5520,"date":"2024-03-12T20:51:24","date_gmt":"2024-03-12T20:51:24","guid":{"rendered":"https:\/\/musikkapelle-waldstetten.de\/?page_id=5520"},"modified":"2025-06-29T20:13:45","modified_gmt":"2025-06-29T20:13:45","slug":"unterstuetzung-fuer-irmela","status":"publish","type":"page","link":"https:\/\/musikkapelle-waldstetten.de\/?page_id=5520","title":{"rendered":"Unterst\u00fctzung f\u00fcr Irmela"},"content":{"rendered":"<h2 class=\"page-title\">Im Kampf gegen Leuk\u00e4mie<\/h2>\n<h4 class=\"page-title\">Die Musikkapelle Waldstetten unterst\u00fctzt mit Benefizkonzert Hilfe f\u00fcr krebskranke Kinder<\/h4>\n<p><img loading=\"lazy\" decoding=\"async\" class=\"alignleft size-full wp-image-4893\" src=\"https:\/\/musikkapelle-waldstetten.de\/wp-content\/uploads\/2024\/03\/DRK_by_C_1080-1.jpg\" alt=\"\" width=\"1080\" height=\"524\"><\/p>\n<p>In Deutschland erh\u00e4lt alle 12 Minuten ein Mensch die niederschmetternde Diagnose an Blutkrebs erkrankt zu sein. Darunter sind jedes Jahr auch mehr als 2.300 Kinder. Leider trifft diese Krankheit auch liebgewonnene Menschen aus unserem direkten Umfeld.<\/p>\n<p>So haben wir Ende Januar erfahren, dass unsere ehemalige Musikerin <strong>Irmela Hanke<\/strong> erneut an einer Form der Leuk\u00e4mie erkrankt ist. Bereits 2021 erhielt sie erstmals den Befund Blutkrebs und hat es geschafft, die Krankheit mit ihrem starken Willen, ihrem k\u00e4mpferischen L\u00f6wenherzen und dem intensiven R\u00fcckhalt ihrer Familie zu besiegen. Kurz nach der erneuten Diagnose Anfang des Jahres feierte sie Ihren 20. Geburtstag und auch jetzt ist ihr gr\u00f6\u00dfter Wunsch, in diesem Jahr noch ihr Abitur zu machen und zum Jahresende wieder auf die Jagd gehen zu k\u00f6nnen.<\/p>\n<p>Irmela hat \u00fcber viele Jahre mit ihren Eltern und ihrem Bruder in Waldstetten gelebt. Die Familie stammt urspr\u00fcnglich aus Norddeutschland und hat sich auf vielf\u00e4ltigste Art und Weise in den Institutionen und in der Dorfgemeinschaft hier bei uns und in der Umgebung eingebracht. Aus (Musiker-)Kollegen und Nachbarn wurden Freunde und sie sind es auch nach dem berufsbedingten Umzug zur\u00fcck in den Norden geblieben. Irmela ist in unserer Region sogar noch tiefer verwurzelt, da sie hier geboren wurde. Sie selbst sagt: \u201eWaldstetten und die Menschen, die dort leben, sind meine Heimat\u201c.<\/p>\n<p>Wir haben uns gefragt, wie ihr und anderen Betroffenen geholfen werden kann? Eine gute M\u00f6glichkeit ist, regelm\u00e4\u00dfig <strong>Blut zu spenden<\/strong> und sich f\u00fcr eine <strong>potenzielle Stammzellenspende<\/strong> bei der DKMS oder anderen Organisationen registrieren zu lassen. Die Registrierung tut nicht weh und kostet nur wenig Zeit. Sollte es tats\u00e4chlich zu einer Transplantation kommen, ist dies f\u00fcr den Spender selbst meist nur ein kleiner Eingriff, der einem anderen Menschen neues Leben und neue Hoffnung schenken kann. Umso mehr potentielle Spender sich in der Datenbank DKMS registrieren lassen, umso gr\u00f6\u00dfer ist die Chance auf ein Match. Mehr Informationen zur Registrierung und Stammzellentransplantation finden Sie unter <a href=\"https:\/\/www.dkms.de\/\" target=\"_blank\" rel=\"noopener\">https:\/\/www.dkms.de\/<\/a> und <a href=\"https:\/\/www.blutspende.de\/startseite\" target=\"_blank\" rel=\"noopener\">https:\/\/www.blutspende.de\/<\/a>.<\/p>\n<p><a href=\"https:\/\/musikkapelle-waldstetten.de\/?page_id=340&amp;report=121\" target=\"_blank\" rel=\"noopener\"><img loading=\"lazy\" decoding=\"async\" class=\"alignleft size-full wp-image-4893\" src=\"https:\/\/musikkapelle-waldstetten.de\/wp-content\/uploads\/2024\/03\/MK-Mottokonzert_Circle-of-Life_A4_rgb_150.png\" alt=\"\" width=\"400\" height=\"566\"><\/a><\/p>\n<h2 class=\"page-title\">Benefizkonzert<\/h2>\n<p>Mit \u201eNarcotic\u201c spielen wir ein Lieblingslied von Irmela und widmen ihr unser diesj\u00e4hriges <a href=\"https:\/\/musikkapelle-waldstetten.de\/?page_id=340&amp;report=121\" target=\"_blank\" rel=\"noopener\"><strong>Motto-Konzert \u201eCircle of Life\u201c<\/strong><\/a>. Der gesamte Spendenerl\u00f6s f\u00fcr das Benefizkonzert wird im Anschluss dem Verein <a href=\"https:\/\/luebeck-hilfe-fuer-krebskranke-kinder.de\/\" target=\"_blank\" rel=\"noopener\"><strong>\u201eL\u00fcbeck-Hilfe f\u00fcr krebskranke Kinder e.V.\u201c<\/strong><\/a> zur Verf\u00fcgung gestellt. Die gemeinn\u00fctzige Institution hilft Irmela und anderen von b\u00f6sartigen Krebserkrankungen betroffenen Kindern und ihren Familien u.a. durch eine finanzielle und unb\u00fcrokratische Unterst\u00fctzung sowie die Verbesserung der psychosozialen Betreuung durch entsprechendes Fachpersonal. Au\u00dferdem setzt sie sich f\u00fcr die Beschaffung zus\u00e4tzlicher Ger\u00e4te, die f\u00fcr die Behandlung der Kinder erforderlich sind und f\u00fcr eine kinderfreundliche Einrichtung der Krebsstation ein.<\/p>\n<p>Im Namen von Irmela und allen betroffenen Blutkrebspatienten m\u00f6chten wir an Sie, liebe Leser\/innen, an alle Konzertbesucher sowie an alle Mitmenschen in unserer Gemeinde appellieren:<br \/>\nLassen Sie sich als Stammzellenspender registrieren und gehen Sie regelm\u00e4\u00dfig zur Blutspende. Machen Sie in Ihrem n\u00e4heren Umfeld Werbung f\u00fcr Registrierungsaktionen der DKMS und auf anstehende \u00f6rtliche <a href=\"https:\/\/www.blutspende.de\/blutspendetermine\/\" target=\"_blank\" rel=\"noopener\">Blutspendentermine<\/a> aufmerksam.<br \/>\nUnterst\u00fctzen Sie die wichtige Arbeit des Vereins <strong>\u201eL\u00fcbeck-Hilfe f\u00fcr krebskranke Kinder e.V.\u201c<\/strong> mit einer Geldspende.<\/p>\n<p><strong>Helfen Sie mit, Leben zu retten. <\/strong><\/p>\n<p>Vielen Dank.<\/p>\n<h2 class=\"page-title\">Gelungene Spendenaktion und Benefizkonzert &#8211; bereits \u00fcber 11.000 Euro gesammelt<\/h2>\n<p><img loading=\"lazy\" decoding=\"async\" class=\"alignleft size-full wp-image-4893\" src=\"https:\/\/musikkapelle-waldstetten.de\/wp-content\/uploads\/2024\/07\/MK-Gruppenbild_Spendensumme.jpg\" alt=\"\" width=\"1080\" height=\"524\"><\/p>\n<p>Seit Bekanntgabe der Spendenaktion Mitte M\u00e4rz kam eine beachtliche Spendensumme von <strong>\u00fcber 11.000 EUR<\/strong> zusammen. Diese Spendenbereitschaft ist f\u00fcr den Vorsitzenden der Musikkapelle Waldstetten, Alexander W\u00f6rner, <em>\u201eabsolut bemerkenswert und ein gro\u00dfartiges Ergebnis&#8220;<\/em>. Auch die Vorsitzende des ehrenamtlichen Vereins <strong>L\u00fcbeck Hilfe f\u00fcr krebskranke Kinder e. V.<\/strong>, Frau Heidi Menorca, bezeichnet die Spendenbereitschaft als <em>\u201e\u00fcberw\u00e4ltigend und unglaublich\u201c<\/em>. Der Musikkapelle als Initiator der Spendenaktion spricht sie bereits heute ein herzliches Dankesch\u00f6n f\u00fcr ihr gro\u00dfes Engagement aus. Eine pers\u00f6nliche Spenden\u00fcbergabe soll Ende August vor Ort erfolgen. Nach M\u00f6glichkeit gemeinsam mit Irmela, die ihre Stammzellentransplantation in den kommenden Tagen erhalten wird. <a href=\"https:\/\/musikkapelle-waldstetten.de\/?page_id=340&amp;report=124\" target=\"_blank\" rel=\"noopener\">Weiterlesen<\/a><\/p>\n<h2 class=\"page-title\">Pers\u00f6nliche Spenden\u00fcbergabe in L\u00fcbeck<\/h2>\n<p><a href=\"https:\/\/musikkapelle-waldstetten.de\/wp-content\/uploads\/2024\/09\/MK_Spendenuebergabe-2024.jpg\" rel=\"lightbox[5520]\"><img loading=\"lazy\" decoding=\"async\" class=\"alignleft size-large wp-image-5781\" src=\"https:\/\/musikkapelle-waldstetten.de\/wp-content\/uploads\/2024\/09\/MK_Spendenuebergabe-2024-1024x411.jpg\" alt=\"\" width=\"1024\" height=\"411\" srcset=\"https:\/\/musikkapelle-waldstetten.de\/wp-content\/uploads\/2024\/09\/MK_Spendenuebergabe-2024-1024x411.jpg 1024w, https:\/\/musikkapelle-waldstetten.de\/wp-content\/uploads\/2024\/09\/MK_Spendenuebergabe-2024-300x120.jpg 300w, https:\/\/musikkapelle-waldstetten.de\/wp-content\/uploads\/2024\/09\/MK_Spendenuebergabe-2024-768x308.jpg 768w, https:\/\/musikkapelle-waldstetten.de\/wp-content\/uploads\/2024\/09\/MK_Spendenuebergabe-2024.jpg 1400w\" sizes=\"auto, (max-width: 1024px) 100vw, 1024px\" \/><\/a><\/p>\n<p>Als Veranstalter des Benefizkonzerts f\u00fcr Irmela und Initiator der Spendenaktion im Fr\u00fchjahr freut es die Musikkapelle Waldstetten sehr, dass nun auch pers\u00f6nlich die stolze Spendensumme in H\u00f6he von <b>12.210 EUR<\/b> an den Verein L\u00fcbeck-Hilfe f\u00fcr krebskranke Kinder e.V. \u00fcberreicht werden konnte. Die Spenden\u00fcbergabe fand am Samstag, den 24.08.2024 gemeinsam mit der Vorsitzenden des ehrenamtlichen Vereins, Frau Heidi Menorca, dem 2. Vorsitzenden sowie behandelnden und auf die Langzeitnachsorge spezialisierten Arzt Prof. Dr. med. Thorsten Langer, den Eltern Anneke und Klaus Hanke, sowie dem ersten Vorsitzenden Alexander W\u00f6rner, dem Vizedirigent Wolfgang W\u00f6rner und der Schriftf\u00fchrerin Daniela Heffner der Musikkapelle Waldstetten vor dem kleinen Leuchtturm der L\u00fcbecker Uniklinik statt. <a href=\"https:\/\/musikkapelle-waldstetten.de\/?page_id=340&amp;report=127\">Weiterlesen<\/a><\/p>\n<h2 class=\"page-title\">Ein Beispiel, das Mut macht und Hoffnung schenkt<\/h2>\n<p><img loading=\"lazy\" decoding=\"async\" class=\"alignleft size-full wp-image-4893\" src=\"https:\/\/musikkapelle-waldstetten.de\/wp-content\/uploads\/2025\/06\/MK_Wiedersehensfreude-2025.jpg\" alt=\"\" width=\"1080\" height=\"524\"><\/p>\n<p>Der 18.06.2025 war in zweierlei Hinsicht ein besonderer Tag f\u00fcr die Musikkapelle Waldstetten. Zum einen feierte ihr langj\u00e4hriges Mitglied Markus Heffner seinen <a href=\"https:\/\/musikkapelle-waldstetten.de\/?page_id=340&#038;report=134\" target=\"_blank\" rel=\"noopener\">60. Geburtstag<\/a> an der Waldh\u00fctte und zum anderen gab es in diesem Zusammenhang ein wunderbares Wiedersehen mit Irmela und Ihren Eltern Anneke und Klaus. Freitags besuchten sie uns dann in unserer regul\u00e4ren Musikprobe und es war f\u00fcr uns alle ein ergreifender Moment und unbeschreiblich sch\u00f6nes Gef\u00fchl, als Irmela es sich nicht nehmen lie\u00df, in ihr Register zu sitzen und mit dem Saxophon mitzuspielen. Voller R\u00fchrung widmeten wir ihr nat\u00fcrlich ihr Lieblingslied \u201eNarcotic\u201c. Dieses freudige \u201eHappy End\u201c zeigt eindrucksvoll, wie wichtig es ist, sich beim Blutspenden zu engagieren, sich als Stammzellenspender bei DKMS und anderen Organisationen registrieren zu lassen und gemeinsam zu k\u00e4mpfen. <a href=\"https:\/\/musikkapelle-waldstetten.de\/?page_id=340&amp;report=136\">Weiterlesen<\/a><\/p>\n<h2 class=\"page-title\">Spende<\/h2>\n<p>Geldspenden bitte mit dem Stichwort \u201eIrmela\u201c an nachfolgendes Konto \u00fcberweisen:<\/p>\n<p><strong>L\u00fcbeck-Hilfe f\u00fcr krebskranke Kinder e.V.<\/strong><br \/>\nIBAN: DE12 2309 0142 0044 3322 11<br \/>\nBIC: GENODEF1HLU<br \/>\nKonto-Nr.: 00 44 33 22 11<br \/>\nBLZ: 230 901 42, Volksbank L\u00fcbeck<br \/>\nVerwendungszweck: Spende <strong>\u201eIrmela\u201c<\/strong><\/p>\n<p>Unter zus\u00e4tzlicher Angabe des vollst\u00e4ndigen Namens + Adresse im Verwendungszweck wird eine Spendenbescheinigung ausgestellt.<\/p>\n<h2 class=\"page-title\">Weitere Infos<\/h2>\n<p><a href=\"https:\/\/www.dkms.de\/\" target=\"_blank\" rel=\"noopener\">DKMS &#8211; Wir besiegen Blutkrebs!<\/a><br \/>\n<a href=\"https:\/\/www.blutspende.de\/startseite\" target=\"_blank\" rel=\"noopener\">DRK: Blutspende, Plasmaspende, Stammzellspende<\/a><br \/>\n<a href=\"https:\/\/luebeck-hilfe-fuer-krebskranke-kinder.de\/\" target=\"_blank\" rel=\"noopener\">L\u00fcbeck-Hilfe f\u00fcr krebskranke Kinder e.V.<\/a><br \/>\n<a href=\"https:\/\/www.meine-news.de\/waldstetten\/c-vereine\/musikkapelle-waldstetten-unterstuetzt-mit-benefizkonzert-hilfe-fuer-krebskranke-kinder_a170231#gallery=null\" target=\"_blank\" rel=\"noopener\">meine-news.de: Im Kampf gegen Leuk\u00e4mie<\/a><br \/>\n<a href=\"https:\/\/www.meine-news.de\/event\/waldstetten\/c-musik-und-theater\/circle-of-life-eine-musikalische-reise-durch-das-leben_e70859\" target=\"_blank\" rel=\"noopener\">meine-news.de: Circle of Life<\/a><br \/>\n<a href=\"https:\/\/www.meine-news.de\/waldstetten\/c-vereine\/im-kampf-gegen-krebs-beachtliche-spendensumme-erzielt_a176894\" target=\"_blank\" rel=\"noopener\">meine-news.de: Gelungene Spendenaktion<\/a><\/p>\n<p><img loading=\"lazy\" decoding=\"async\" class=\"alignleft\" src=\"https:\/\/musikkapelle-waldstetten.de\/wp-content\/uploads\/2024\/03\/iban.png\" alt=\"\" width=\"240\" height=\"240\"><br \/>\n<a href=\"https:\/\/www.dkms.de\/\" target=\"_blank\" rel=\"noopener\"><img loading=\"lazy\" decoding=\"async\" class=\"alignleft size-large wp-image-4888\" src=\"https:\/\/musikkapelle-waldstetten.de\/wp-content\/uploads\/2024\/03\/DKMS.png\" alt=\"\" width=\"1066\" height=\"240\"><\/a><br \/>\n<a href=\"https:\/\/www.blutspende.de\/startseite\" target=\"_blank\" rel=\"noopener\"><img loading=\"lazy\" decoding=\"async\" class=\"alignleft size-large wp-image-4888\" src=\"https:\/\/musikkapelle-waldstetten.de\/wp-content\/uploads\/2024\/03\/DRK_Logo_SpendeBlut_quer_rgb.jpg\" alt=\"\" width=\"372\" height=\"240\"><\/a><\/p>\n<h4 class=\"page-title\">Quellen<\/h4>\n<p>\u00a9 DKMS<br \/>\n\u00a9 DRK-Blutspendedienst Baden-W\u00fcrttemberg \u2013 Hessen<br \/>\n\u00a9 Musikkapelle Waldstetten e.V.<\/p>\n","protected":false},"excerpt":{"rendered":"<p>Im Kampf gegen Leuk\u00e4mie Die Musikkapelle Waldstetten unterst\u00fctzt mit Benefizkonzert Hilfe f\u00fcr krebskranke Kinder In Deutschland erh\u00e4lt alle 12 Minuten ein Mensch die niederschmetternde Diagnose an Blutkrebs erkrankt zu sein. Darunter sind jedes Jahr auch mehr als 2.300 Kinder. Leider trifft diese Krankheit auch liebgewonnene Menschen aus unserem direkten Umfeld. So haben wir Ende Januar<\/p>\n","protected":false},"author":1,"featured_media":0,"parent":0,"menu_order":0,"comment_status":"closed","ping_status":"closed","template":"","meta":{"ngg_post_thumbnail":0,"footnotes":""},"class_list":["post-5520","page","type-page","status-publish","hentry"],"_links":{"self":[{"href":"https:\/\/musikkapelle-waldstetten.de\/index.php?rest_route=\/wp\/v2\/pages\/5520","targetHints":{"allow":["GET"]}}],"collection":[{"href":"https:\/\/musikkapelle-waldstetten.de\/index.php?rest_route=\/wp\/v2\/pages"}],"about":[{"href":"https:\/\/musikkapelle-waldstetten.de\/index.php?rest_route=\/wp\/v2\/types\/page"}],"author":[{"embeddable":true,"href":"https:\/\/musikkapelle-waldstetten.de\/index.php?rest_route=\/wp\/v2\/users\/1"}],"replies":[{"embeddable":true,"href":"https:\/\/musikkapelle-waldstetten.de\/index.php?rest_route=%2Fwp%2Fv2%2Fcomments&post=5520"}],"version-history":[{"count":85,"href":"https:\/\/musikkapelle-waldstetten.de\/index.php?rest_route=\/wp\/v2\/pages\/5520\/revisions"}],"predecessor-version":[{"id":5994,"href":"https:\/\/musikkapelle-waldstetten.de\/index.php?rest_route=\/wp\/v2\/pages\/5520\/revisions\/5994"}],"wp:attachment":[{"href":"https:\/\/musikkapelle-waldstetten.de\/index.php?rest_route=%2Fwp%2Fv2%2Fmedia&parent=5520"}],"curies":[{"name":"wp","href":"https:\/\/api.w.org\/{rel}","templated":true}]}}