{"id":4060,"date":"2019-10-28T21:06:56","date_gmt":"2019-10-28T21:06:56","guid":{"rendered":"http:\/\/www.musikkapelle-waldstetten.de\/?page_id=4060"},"modified":"2023-02-04T16:56:15","modified_gmt":"2023-02-04T16:56:15","slug":"festschrift-das-sind-wir","status":"publish","type":"page","link":"https:\/\/musikkapelle-waldstetten.de\/?page_id=4060","title":{"rendered":"Festschrift &#8211; Das sind wir"},"content":{"rendered":"<p><a href=\"https:\/\/musikkapelle-waldstetten.de\/wp-content\/uploads\/2019\/10\/Festschrift_1989_Deckblatt.jpg\" rel=\"lightbox[4060]\"><img loading=\"lazy\" decoding=\"async\" class=\"alignleft size-medium wp-image-4098\" alt=\"Festschrift_1989_Deckblatt\" src=\"https:\/\/musikkapelle-waldstetten.de\/wp-content\/uploads\/2019\/10\/Festschrift_1989_Deckblatt-212x300.jpg\" width=\"212\" height=\"300\" srcset=\"https:\/\/musikkapelle-waldstetten.de\/wp-content\/uploads\/2019\/10\/Festschrift_1989_Deckblatt-212x300.jpg 212w, https:\/\/musikkapelle-waldstetten.de\/wp-content\/uploads\/2019\/10\/Festschrift_1989_Deckblatt.jpg 709w\" sizes=\"auto, (max-width: 212px) 100vw, 212px\" \/><\/a><\/p>\n<p>&nbsp;<\/p>\n<p>Zum 30-j\u00e4hrigen Jubil\u00e4um der Musikkapelle wird erstmals die langj\u00e4hrige Geschichte der Blasmusik in Waldstetten aufgearbeitet und festgehalten. Das \u00e4lteste schriftliche Dokument stammt aus dem Jahr 1859 und belegt eine Auszahlung der Gemeinde an die Musikanten f\u00fcr die Begleitung der Prozession am Fest des Kirchenpatrons. Dieser Nachweis ist Grundlage f\u00fcr die im Jahr 1991 im Rahmen eines Festaktes verliehene Pro-Musica-Plakette.<\/p>\n<p>&nbsp;<\/p>\n<p>&nbsp;<\/p>\n<p>&nbsp;<\/p>\n<p><em>Das Team um die Festschrift 1989 besteht <\/em><em>aus Otmar Prosenbauer, Hubert W\u00f6rner, <\/em><em>Wolfgang W\u00f6rner und Rainer Wollenschl\u00e4ger.<\/em><\/p>\n<p style=\"text-align: right;\">\u00a0 <a href=\"https:\/\/musikkapelle-waldstetten.de\/wp-content\/uploads\/2019\/10\/Festschrift_2009_Deckblatt.jpg\" rel=\"lightbox[4060]\"><img loading=\"lazy\" decoding=\"async\" class=\"size-medium wp-image-4097 alignright\" alt=\"Festschrift_2009_Deckblatt\" src=\"https:\/\/musikkapelle-waldstetten.de\/wp-content\/uploads\/2019\/10\/Festschrift_2009_Deckblatt-300x293.jpg\" width=\"300\" height=\"293\" srcset=\"https:\/\/musikkapelle-waldstetten.de\/wp-content\/uploads\/2019\/10\/Festschrift_2009_Deckblatt-300x293.jpg 300w, https:\/\/musikkapelle-waldstetten.de\/wp-content\/uploads\/2019\/10\/Festschrift_2009_Deckblatt.jpg 1024w\" sizes=\"auto, (max-width: 300px) 100vw, 300px\" \/><\/a><\/p>\n<p style=\"text-align: right;\">\u00a0Weiterf\u00fchrende Recherchen zum 50-j\u00e4hrigen Jubil\u00e4um der Musikkapelle bringen neue, historische Aspekte ans Tageslicht. So wird auch belegt, dass die musikalischen Aktivit\u00e4ten in Waldstetten bis ins Jahr 1721 zur\u00fcckgehen. F\u00fcr die nachweislich \u00fcber 150-j\u00e4hrige Pflege der Blasmusik\u00a0 bekommt die Musikkapelle Waldstetten beim Landes-Musik-Festival im Jahr 2009 die Conradin-Kreutzer-Tafel verliehen.<\/p>\n<p>&nbsp;<\/p>\n<p>&nbsp;<\/p>\n<p>&nbsp;<\/p>\n<p style=\"text-align: right;\"><em>Das Team um die Festschrift 2009 besteht aus Andreas Emmert, Barbara M\u00fcnch, Alexander W\u00f6rner und dem Ortschronisten Rainer Wollenschl\u00e4ger.<\/em><\/p>\n<p>&nbsp;<\/p>\n<p>Die Festschrift zum 60-j\u00e4hrigen Jubil\u00e4um tr\u00e4gt den Titel<\/p>\n<h2>\u201eDIE MUSIKKAPELLE \u2013 Das sind wir\u201c<\/h2>\n<p><a title=\"Festschrift 2019 - Das sind Wir\" href=\"https:\/\/musikkapelle-waldstetten.de\/wp-content\/uploads\/2020\/07\/MK_Festschrift_2019_Webversion.pdf\" target=\"_blank\" rel=\"noopener\"><img loading=\"lazy\" decoding=\"async\" class=\"alignleft  wp-image-4099\" alt=\"Umschlag_MK-Festschrift_240x170_135gr.indd\" src=\"https:\/\/musikkapelle-waldstetten.de\/wp-content\/uploads\/2019\/10\/Festschrift_2019_Deckblatt-e1572298484402.jpg\" width=\"500\" height=\"362\" \/><\/a><\/p>\n<p>&nbsp;<\/p>\n<p>Unser Ziel war es die j\u00fcngere Vergangenheit festzuhalten und die Bedeutung der Kapelle f\u00fcr ihren Ort und ihre Aktiven hervorzuheben, ohne die Historie und die Zukunft au\u00dfen vor zu lassen. Modern, bildhaft und ohne Werbung pr\u00e4sentieren wir Ihnen die aktuelle Kapelle und verraten Ihnen einige Facts, die sie sicher noch nicht wussten.<\/p>\n<h4>Neugierig geworden?<\/h4>\n<p>Dann melden Sie sich bei uns und sichern Sie sich ein gedrucktes Exemplar<br \/>\nf\u00fcr 5 \u20acuro. Die digitale Version gibt es <a title=\"Festschrift 2019 - Das sind Wir\" href=\"https:\/\/musikkapelle-waldstetten.de\/wp-content\/uploads\/2020\/07\/MK_Festschrift_2019_Webversion.pdf\" target=\"_blank\" rel=\"noopener\">hier<\/a>!<\/p>\n<p>&nbsp;<br \/>\n&nbsp;<br \/>\n<em>Das Team um die Festschrift 2019 besteht aus Daniela Heffner, Anna Michel und Alexander W\u00f6rner.<\/em><\/p>\n<p>&nbsp;<\/p>\n<h2 class=\"page-title\">Danke<\/h2>\n<p>An dieser Stelle gilt unser Dank allen Autoren der vorangegangenen Festschriften f\u00fcr die umfassende Recherche sowie die Sammlung und Aufbewahrung historischer Dokumente, Bilder und Berichte.<\/p>\n","protected":false},"excerpt":{"rendered":"<p>&nbsp; Zum 30-j\u00e4hrigen Jubil\u00e4um der Musikkapelle wird erstmals die langj\u00e4hrige Geschichte der Blasmusik in Waldstetten aufgearbeitet und festgehalten. Das \u00e4lteste schriftliche Dokument stammt aus dem Jahr 1859 und belegt eine Auszahlung der Gemeinde an die Musikanten f\u00fcr die Begleitung der Prozession am Fest des Kirchenpatrons. Dieser Nachweis ist Grundlage f\u00fcr die im Jahr 1991 im<\/p>\n","protected":false},"author":1,"featured_media":0,"parent":4047,"menu_order":0,"comment_status":"open","ping_status":"open","template":"template-fullwidth.php","meta":{"ngg_post_thumbnail":0,"footnotes":""},"class_list":["post-4060","page","type-page","status-publish","hentry"],"_links":{"self":[{"href":"https:\/\/musikkapelle-waldstetten.de\/index.php?rest_route=\/wp\/v2\/pages\/4060","targetHints":{"allow":["GET"]}}],"collection":[{"href":"https:\/\/musikkapelle-waldstetten.de\/index.php?rest_route=\/wp\/v2\/pages"}],"about":[{"href":"https:\/\/musikkapelle-waldstetten.de\/index.php?rest_route=\/wp\/v2\/types\/page"}],"author":[{"embeddable":true,"href":"https:\/\/musikkapelle-waldstetten.de\/index.php?rest_route=\/wp\/v2\/users\/1"}],"replies":[{"embeddable":true,"href":"https:\/\/musikkapelle-waldstetten.de\/index.php?rest_route=%2Fwp%2Fv2%2Fcomments&post=4060"}],"version-history":[{"count":57,"href":"https:\/\/musikkapelle-waldstetten.de\/index.php?rest_route=\/wp\/v2\/pages\/4060\/revisions"}],"predecessor-version":[{"id":5236,"href":"https:\/\/musikkapelle-waldstetten.de\/index.php?rest_route=\/wp\/v2\/pages\/4060\/revisions\/5236"}],"up":[{"embeddable":true,"href":"https:\/\/musikkapelle-waldstetten.de\/index.php?rest_route=\/wp\/v2\/pages\/4047"}],"wp:attachment":[{"href":"https:\/\/musikkapelle-waldstetten.de\/index.php?rest_route=%2Fwp%2Fv2%2Fmedia&parent=4060"}],"curies":[{"name":"wp","href":"https:\/\/api.w.org\/{rel}","templated":true}]}}