{"id":3003,"date":"2018-12-08T09:53:23","date_gmt":"2018-12-08T09:53:23","guid":{"rendered":"http:\/\/www.musikkapelle-waldstetten.de\/?page_id=3003"},"modified":"2026-03-04T15:21:38","modified_gmt":"2026-03-04T15:21:38","slug":"musikalische-frueherziehung","status":"publish","type":"page","link":"https:\/\/musikkapelle-waldstetten.de\/?page_id=3003","title":{"rendered":"Musikalische Events"},"content":{"rendered":"<p><a href=\"https:\/\/musikkapelle-waldstetten.de\/wp-content\/uploads\/2020\/07\/MK_Musikalische-Events.jpg\" rel=\"lightbox[3003]\"><img loading=\"lazy\" decoding=\"async\" src=\"https:\/\/musikkapelle-waldstetten.de\/wp-content\/uploads\/2020\/07\/MK_Musikalische-Events.jpg\" alt=\"MK_Musikalische-Events\" width=\"1000\" height=\"486\" class=\"alignleft size-full wp-image-4376\" srcset=\"https:\/\/musikkapelle-waldstetten.de\/wp-content\/uploads\/2020\/07\/MK_Musikalische-Events.jpg 1000w, https:\/\/musikkapelle-waldstetten.de\/wp-content\/uploads\/2020\/07\/MK_Musikalische-Events-300x145.jpg 300w\" sizes=\"auto, (max-width: 1000px) 100vw, 1000px\" \/><\/a><\/p>\n<p>Durch ein gemeinsames Programm &#8222;Musikalische Events&#8220; m\u00f6chten wir neben der musikalischen Ausbildung auch den Zusammenhalt unter dem Musikernachwuchs st\u00e4rken. Dazu bieten wir in regelm\u00e4\u00dfigen Abst\u00e4nden ein abwechslungsreiches Angebot aus Spielen, Ausfl\u00fcgen, musikalischen Aktivit\u00e4ten und der Teilnahme an musikalischen Projekten. Damit wollen wir den Kindern und Jugendlichen den Spa\u00df in der Gruppe in Verbindung<br \/>\nmit der Musik n\u00e4her bringen. <\/p>\n<p>Die Musikkapelle ist f\u00fcr uns mehr als eine Gruppe! Wir sind eine miteinander verbundene Gemeinschaft, die zusammen viel Spa\u00df am Musizieren<br \/>\nunter Freunden hat und gerne Zeit miteinander verbringt. Und genau dieses Gef\u00fchl sollen schon die J\u00fcngsten unter uns in den gemeinsamen<br \/>\nEvents erleben und erfahren d\u00fcrfen. Willkommen sind alle Kinder ab 5 Jahren, die Spa\u00df an Musik &#8222;in jeglicher Form&#8220; haben.<\/p>\n<p>Bei Interesse bitte bei Simon Blau <a href=\"mailto:dirigent@musikkapelle-waldstetten.de\">(dirigent@musikkapelle-waldstetten.de)<\/a> oder Lisa-Marie Fieger <a href=\"mailto:jugendleiter@musikkapelle-waldstetten.de\">(jugendleiter@musikkapelle-waldstetten.de)<\/a> melden.<\/p>\n","protected":false},"excerpt":{"rendered":"<p>Durch ein gemeinsames Programm &#8222;Musikalische Events&#8220; m\u00f6chten wir neben der musikalischen Ausbildung auch den Zusammenhalt unter dem Musikernachwuchs st\u00e4rken. Dazu bieten wir in regelm\u00e4\u00dfigen Abst\u00e4nden ein abwechslungsreiches Angebot aus Spielen, Ausfl\u00fcgen, musikalischen Aktivit\u00e4ten und der Teilnahme an musikalischen Projekten. Damit wollen wir den Kindern und Jugendlichen den Spa\u00df in der Gruppe in Verbindung mit der<\/p>\n","protected":false},"author":1,"featured_media":0,"parent":2805,"menu_order":0,"comment_status":"open","ping_status":"open","template":"template-fullwidth.php","meta":{"ngg_post_thumbnail":0,"footnotes":""},"class_list":["post-3003","page","type-page","status-publish","hentry"],"_links":{"self":[{"href":"https:\/\/musikkapelle-waldstetten.de\/index.php?rest_route=\/wp\/v2\/pages\/3003","targetHints":{"allow":["GET"]}}],"collection":[{"href":"https:\/\/musikkapelle-waldstetten.de\/index.php?rest_route=\/wp\/v2\/pages"}],"about":[{"href":"https:\/\/musikkapelle-waldstetten.de\/index.php?rest_route=\/wp\/v2\/types\/page"}],"author":[{"embeddable":true,"href":"https:\/\/musikkapelle-waldstetten.de\/index.php?rest_route=\/wp\/v2\/users\/1"}],"replies":[{"embeddable":true,"href":"https:\/\/musikkapelle-waldstetten.de\/index.php?rest_route=%2Fwp%2Fv2%2Fcomments&post=3003"}],"version-history":[{"count":31,"href":"https:\/\/musikkapelle-waldstetten.de\/index.php?rest_route=\/wp\/v2\/pages\/3003\/revisions"}],"predecessor-version":[{"id":6350,"href":"https:\/\/musikkapelle-waldstetten.de\/index.php?rest_route=\/wp\/v2\/pages\/3003\/revisions\/6350"}],"up":[{"embeddable":true,"href":"https:\/\/musikkapelle-waldstetten.de\/index.php?rest_route=\/wp\/v2\/pages\/2805"}],"wp:attachment":[{"href":"https:\/\/musikkapelle-waldstetten.de\/index.php?rest_route=%2Fwp%2Fv2%2Fmedia&parent=3003"}],"curies":[{"name":"wp","href":"https:\/\/api.w.org\/{rel}","templated":true}]}}