{"id":2557,"date":"2018-05-24T14:25:40","date_gmt":"2018-05-24T14:25:40","guid":{"rendered":"http:\/\/www.musikkapelle-waldstetten.de\/?page_id=2557"},"modified":"2019-10-06T19:41:10","modified_gmt":"2019-10-06T19:41:10","slug":"datenschutz","status":"publish","type":"page","link":"https:\/\/musikkapelle-waldstetten.de\/?page_id=2557","title":{"rendered":"Datenschutz"},"content":{"rendered":"<p>Durch den Besuch der Webseite des Anbieters k\u00f6nnen Informationen \u00fcber den Zugriff (Datum, Uhrzeit, betrachtete Seite) gespeichert werden. Diese Daten geh\u00f6ren nicht zu den personenbezogenen Daten, sondern sind anonymisiert. Sie werden ausschlie\u00dflich zu statistischen Zwecken ausgewertet. Eine Weitergabe an Dritte, zu kommerziellen oder nichtkommerziellen Zwecken, findet nicht statt.<\/p>\n<p>Der Anbieter weist ausdr\u00fccklich darauf hin, dass die Daten\u00fcbertragung im Internet (z.B. bei der Kommunikation per E-Mail) Sicherheitsl\u00fccken aufweisen und nicht l\u00fcckenlos vor dem Zugriff durch Dritte gesch\u00fctzt werden kann.<\/p>\n<p>Die Verwendung der Kontaktdaten des Impressums zur gewerblichen Werbung ist ausdr\u00fccklich nicht erw\u00fcnscht, es sei denn der Anbieter hatte zuvor seine schriftliche Einwilligung erteilt oder es besteht bereits eine Gesch\u00e4ftsbeziehung. Der Anbieter und alle auf dieser Website genannten Personen widersprechen hiermit jeder kommerziellen Verwendung und Weitergabe ihrer Daten.<\/p>\n<h3 class=\"page-title\">Personenbezogene Daten<\/h3>\n<p>Sie k\u00f6nnen unsere Webseite ohne Angabe personenbezogener Daten besuchen. Soweit auf unseren Seiten personenbezogene Daten (wie Name, Anschrift oder E-Mail-Adresse) erhoben werden, erfolgt dies, soweit m\u00f6glich, auf freiwilliger Basis. Diese Daten werden ohne Ihre ausdr\u00fcckliche Zustimmung nicht an Dritte weitergegeben. Sofern zwischen Ihnen und uns ein Vertragsverh\u00e4ltnis begr\u00fcndet, inhaltlich ausgestaltet oder ge\u00e4ndert werden soll oder Sie an uns eine Anfrage stellen, erheben und verwenden wir personenbezogene Daten von Ihnen, soweit dies zu diesen Zwecken erforderlich ist (Bestandsdaten). Wir erheben, verarbeiten und nutzen personenbezogene Daten soweit dies erforderlich ist, um Ihnen die Inanspruchnahme des Webangebots zu erm\u00f6glichen (Nutzungsdaten). S\u00e4mtliche personenbezogenen Daten werden nur solange gespeichert, wie dies f\u00fcr den genannten Zweck (Bearbeitung Ihrer Anfrage oder Abwicklung eines Vertrags) erforderlich ist. Hierbei werden steuer- und handelsrechtliche Aufbewahrungsfristen ber\u00fccksichtigt. Auf Anordnung der zust\u00e4ndigen Stellen d\u00fcrfen wir im Einzelfall Auskunft \u00fcber diese Daten (Bestandsdaten) erteilen, soweit dies f\u00fcr Zwecke der Strafverfolgung, zur Gefahrenabwehr, zur Erf\u00fcllung der gesetzlichen Aufgaben der Verfassungsschutzbeh\u00f6rden oder des Milit\u00e4rischen Abschirmdienstes oder zur Durchsetzung der Rechte am geistigen Eigentum erforderlich ist.<\/p>\n<h3 class=\"page-title\">Auskunftsrecht<\/h3>\n<p>Sie haben das jederzeitige Recht, sich unentgeltlich und unverz\u00fcglich \u00fcber die zu Ihrer Person erhobenen Daten zu erkundigen. Sie haben das jederzeitige Recht, Ihre Zustimmung zur Verwendung Ihrer angegeben pers\u00f6nlichen Daten mit Wirkung f\u00fcr die Zukunft zu widerrufen. Zur Auskunftserteilung wenden Sie sich bitte an den Anbieter unter den Kontaktdaten im Impressum.<\/p>\n","protected":false},"excerpt":{"rendered":"<p>Durch den Besuch der Webseite des Anbieters k\u00f6nnen Informationen \u00fcber den Zugriff (Datum, Uhrzeit, betrachtete Seite) gespeichert werden. Diese Daten geh\u00f6ren nicht zu den personenbezogenen Daten, sondern sind anonymisiert. Sie werden ausschlie\u00dflich zu statistischen Zwecken ausgewertet. Eine Weitergabe an Dritte, zu kommerziellen oder nichtkommerziellen Zwecken, findet nicht statt. Der Anbieter weist ausdr\u00fccklich darauf hin, dass<\/p>\n","protected":false},"author":1,"featured_media":0,"parent":0,"menu_order":0,"comment_status":"open","ping_status":"open","template":"template-fullwidth.php","meta":{"ngg_post_thumbnail":0,"footnotes":""},"class_list":["post-2557","page","type-page","status-publish","hentry"],"_links":{"self":[{"href":"https:\/\/musikkapelle-waldstetten.de\/index.php?rest_route=\/wp\/v2\/pages\/2557","targetHints":{"allow":["GET"]}}],"collection":[{"href":"https:\/\/musikkapelle-waldstetten.de\/index.php?rest_route=\/wp\/v2\/pages"}],"about":[{"href":"https:\/\/musikkapelle-waldstetten.de\/index.php?rest_route=\/wp\/v2\/types\/page"}],"author":[{"embeddable":true,"href":"https:\/\/musikkapelle-waldstetten.de\/index.php?rest_route=\/wp\/v2\/users\/1"}],"replies":[{"embeddable":true,"href":"https:\/\/musikkapelle-waldstetten.de\/index.php?rest_route=%2Fwp%2Fv2%2Fcomments&post=2557"}],"version-history":[{"count":4,"href":"https:\/\/musikkapelle-waldstetten.de\/index.php?rest_route=\/wp\/v2\/pages\/2557\/revisions"}],"predecessor-version":[{"id":3998,"href":"https:\/\/musikkapelle-waldstetten.de\/index.php?rest_route=\/wp\/v2\/pages\/2557\/revisions\/3998"}],"wp:attachment":[{"href":"https:\/\/musikkapelle-waldstetten.de\/index.php?rest_route=%2Fwp%2Fv2%2Fmedia&parent=2557"}],"curies":[{"name":"wp","href":"https:\/\/api.w.org\/{rel}","templated":true}]}}