{"id":19,"date":"2014-03-13T22:06:23","date_gmt":"2014-03-13T22:06:23","guid":{"rendered":"http:\/\/wordpress.musikkapelle-waldstetten.de\/?page_id=19"},"modified":"2026-04-05T17:47:16","modified_gmt":"2026-04-05T17:47:16","slug":"home","status":"publish","type":"page","link":"https:\/\/musikkapelle-waldstetten.de\/","title":{"rendered":""},"content":{"rendered":"<p><!--\n\n<h3><span style=\"color: #800000;\"><strong>Neuer Ausbildungskurs bei der MK Waldstetten<\/strong><\/span><\/h3>\n\n\nZum neuen Schuljahr ist wieder ein Einstieg in die Instrumentenausbildung bei der Musikkapelle Waldstetten m\u00f6glich. Diese erfolgt in Kooperation mit der Musikschule Hardheim.\n\nUm einen Einblick in die Vielfalt der Instrumente zu geben, wurden im Fr\u00fchjahr bereits zwei Schnuppertage f\u00fcr Kinder veranstaltet. Mit viel Spiel und Spa\u00df wurden den interessierten Kindern spielerisch und kurzweilig alle in der Musikkapelle \u00fcblichen Instrumente vorgestellt.\n\nEine Anmeldung zum Ausbildungskurs in Theorie und Praxis ist bis Schuljahresende bei <strong>Anna Kohler<\/strong> unter 0151 \/ 28 21 53 31 m\u00f6glich.--><\/p>\n<p><img decoding=\"async\" src=\"https:\/\/musikkapelle-waldstetten.de\/wp-content\/uploads\/2019\/10\/Startseite_Home.png\" alt=\"Gesamtkapelle 2019\"><\/p>\n<p>&nbsp;<\/p>\n<p>Erstmals im Jahre 1859 urkundlich erw\u00e4hnt, kann unsere Kapelle auf eine lange und bewegte Geschichte zur\u00fcckblicken, in der sie die traditionelle Blasmusik und damit das kulturelle Erbe unserer Heimat mit gepflegt hat, und in der sie auch st\u00e4ndig zur musikalischen Weiterentwicklung beitrug.<\/p>\n<p>Besonders stolz sind wir darauf, da\u00df die Mehrheit aller unserer Musiker\/innen durch gro\u00dfes Engagement in der Jugendarbeit im eigenen Verein ausgebildet sind. Heute arbeiten wir mit den umliegenden Musikschulen zusammen um eine qualitativ hochwertige und vollumf\u00e4ngliche Ausbildung in Theorie &amp; Praxis gew\u00e4hrleisten zu k\u00f6nnen.<\/p>\n<p>Wir, die Musikkapelle Waldstetten, sind eine Blaskapelle, die ein vielf\u00e4ltiges Repertoire bietet und innerhalb der Gemeinde gerne verschiedenste Aufgaben im \u00f6ffentlichen, kirchlichen und privaten Bereich wahrnimmt. Einer der H\u00f6hepunkte unserer Auftritte ist allj\u00e4hrlich Anfang November die Stedemer &#8222;Kerwe&#8220;, bei der die Musikkapelle zu Tanz, Unterhaltung und zum Schlemmen einl\u00e4dt.<\/p>\n<p>Unser Probelokal ist ideal gelegen, n\u00e4mlich im ehemaligen Schulhaus, dem jetzigen Rathaus, Vereinsheim und Jugendtreff im Zentrum von Waldstetten. Dort treffen wir uns jeden Freitag zwischen 20:00 Uhr und 22:00 zum Proben. Danach gehen dann einige (wenige) nach Hause, und die anderen &#8230; (siehe Seite &#8222;<a title=\"Stories\" href=\"https:\/\/musikkapelle-waldstetten.de\/?page_id=254\">Stories<\/a>&#8222;!).<\/p>\n<p><!-- Die folgende Zeile ist auskommentiert, da das Fancybox Plugin im Moment deaktiviert ist. Wenn das Plugin aktiviert wird, kann die Zeile wieder einkommentiert werden--><br \/>\n<script language=\"javascript\" type=\"text\/javascript\"> function PopupWithFancybox(){ jQuery(document).ready(function() { jQuery.fancybox(addText); }); } setTimeout('PopupWithFancybox()', 3000);<\/script><div id=\"simple-popup-with-fancybox\" style=\"display: none;\"><div class=\"fancybox-content-inside\" style=\"width:500px\"><a href=\"https:\/\/musikkapelle-waldstetten.de\/wp-content\/uploads\/2026\/04\/Plakat_Fruehjahrskonzert-scaled.jpg\" rel=\"lightbox[19]\"><img loading=\"lazy\" decoding=\"async\" class=\"size-large wp-image-6369 aligncenter\" src=\"https:\/\/musikkapelle-waldstetten.de\/wp-content\/uploads\/2026\/04\/Plakat_Fruehjahrskonzert-724x1024.jpg\" alt=\"Plakat f\u00fcr das Fr\u00fchjahrskonzert 2026\" width=\"350\" height=\"1024\" \/><\/a><\/div><\/div><script language=\"javascript\" type=\"text\/javascript\"> addText = document.getElementById('simple-popup-with-fancybox').innerHTML;<\/script><\/p>\n","protected":false},"excerpt":{"rendered":"<p>&nbsp; Erstmals im Jahre 1859 urkundlich erw\u00e4hnt, kann unsere Kapelle auf eine lange und bewegte Geschichte zur\u00fcckblicken, in der sie die traditionelle Blasmusik und damit das kulturelle Erbe unserer Heimat mit gepflegt hat, und in der sie auch st\u00e4ndig zur musikalischen Weiterentwicklung beitrug. Besonders stolz sind wir darauf, da\u00df die Mehrheit aller unserer Musiker\/innen durch<\/p>\n","protected":false},"author":1,"featured_media":0,"parent":0,"menu_order":0,"comment_status":"closed","ping_status":"closed","template":"","meta":{"ngg_post_thumbnail":0,"footnotes":""},"class_list":["post-19","page","type-page","status-publish","hentry"],"_links":{"self":[{"href":"https:\/\/musikkapelle-waldstetten.de\/index.php?rest_route=\/wp\/v2\/pages\/19","targetHints":{"allow":["GET"]}}],"collection":[{"href":"https:\/\/musikkapelle-waldstetten.de\/index.php?rest_route=\/wp\/v2\/pages"}],"about":[{"href":"https:\/\/musikkapelle-waldstetten.de\/index.php?rest_route=\/wp\/v2\/types\/page"}],"author":[{"embeddable":true,"href":"https:\/\/musikkapelle-waldstetten.de\/index.php?rest_route=\/wp\/v2\/users\/1"}],"replies":[{"embeddable":true,"href":"https:\/\/musikkapelle-waldstetten.de\/index.php?rest_route=%2Fwp%2Fv2%2Fcomments&post=19"}],"version-history":[{"count":57,"href":"https:\/\/musikkapelle-waldstetten.de\/index.php?rest_route=\/wp\/v2\/pages\/19\/revisions"}],"predecessor-version":[{"id":6370,"href":"https:\/\/musikkapelle-waldstetten.de\/index.php?rest_route=\/wp\/v2\/pages\/19\/revisions\/6370"}],"wp:attachment":[{"href":"https:\/\/musikkapelle-waldstetten.de\/index.php?rest_route=%2Fwp%2Fv2%2Fmedia&parent=19"}],"curies":[{"name":"wp","href":"https:\/\/api.w.org\/{rel}","templated":true}]}}